{"id":264,"date":"2019-09-25T16:26:57","date_gmt":"2019-09-25T16:26:57","guid":{"rendered":"http:\/\/contacto.iztacala.unam.mx\/?page_id=264"},"modified":"2023-06-14T17:09:20","modified_gmt":"2023-06-14T17:09:20","slug":"bienvenido-colega","status":"publish","type":"page","link":"https:\/\/contacto.iztacala.unam.mx\/","title":{"rendered":"Bienvenido"},"content":{"rendered":"<form role=\"search\" method=\"get\" action=\"https:\/\/contacto.iztacala.unam.mx\/\" class=\"wp-block-search__button-inside wp-block-search__icon-button aligncenter wp-block-search\"><label for=\"wp-block-search__input-1\" class=\"wp-block-search__label\" >Buscar<\/label><div class=\"wp-block-search__inside-wrapper \" ><input type=\"search\" id=\"wp-block-search__input-1\" class=\"wp-block-search__input wp-block-search__input \" name=\"s\" value=\"\" placeholder=\"\"  required \/><button type=\"submit\" class=\"wp-block-search__button has-icon wp-element-button\"  aria-label=\"Buscar\"><svg class=\"search-icon\" viewBox=\"0 0 24 24\" width=\"24\" height=\"24\">\n\t\t\t\t\t<path d=\"M13.5 6C10.5 6 8 8.5 8 11.5c0 1.1.3 2.1.9 3l-3.4 3 1 1.1 3.4-2.9c1 .9 2.2 1.4 3.6 1.4 3 0 5.5-2.5 5.5-5.5C19 8.5 16.5 6 13.5 6zm0 9.5c-2.2 0-4-1.8-4-4s1.8-4 4-4 4 1.8 4 4-1.8 4-4 4z\"><\/path>\n\t\t\t\t<\/svg><\/button><\/div><\/form>\n\n\n<p>Este es el primer\nsitio en la UNAM, dise\u00f1ado para medios de comunicaci\u00f3n en el que podr\u00e1s\nencontrar especialistas avalados por la m\u00e1xima casa de estudios, para reforzar\ntu trabajo informativo.<\/p>\n\n\n\n<p>La Facultad de\nEstudios Superiores Iztacala cuenta con m\u00e1s de 40 a\u00f1os de experiencia en docencia\ne investigaci\u00f3n en \u00e1reas biol\u00f3gicas y de ciencias de la salud; siendo la\nsegunda entidad de la UNAM con mayor n\u00famero de acad\u00e9micos inscritos en el Sistema\nNacional de Investigadores.<\/p>\n\n\n\n<p>Te invitamos a\nponerte en contacto con nosotros para cualquier colaboraci\u00f3n que necesites;\nas\u00ed, si deseas visitar el campus, te asignaremos un lugar en estacionamiento;\nen caso de que necesites que el especialista visite alg\u00fan foro o espacio en\nespec\u00edfico, aseguraremos su asistencia o, si resulta urgente, te pondremos en\ncontacto v\u00eda telef\u00f3nica, videoconferencia o por correo electr\u00f3nico.<\/p>\n\n\n\n<h4><strong>C<\/strong>ontacto<\/h4>\n\n\n\n<p><strong>Departamento de Comunicaci\u00f3n Social<\/strong><br>Facultad de Estudios Superiores Iztacala, UNAM<br><strong>Eduardo M\u00e9ndez Sandoval<\/strong><br>Tel\u00e9fonos: 56231204 &#8211; 56231207<br><strong>eduardomendezsandoval@unam.mx<\/strong>  <\/p>\n\n\n\n<h4>Ubicaci\u00f3n<\/h4>\n\n\n\n<p><\/p>\n\n\n\n<iframe loading=\"lazy\" src=\"https:\/\/www.google.com\/maps\/embed?pb=!1m18!1m12!1m3!1d3760.372641668259!2d-99.1904651847964!3d19.52560888683155!2m3!1f0!2f0!3f0!3m2!1i1024!2i768!4f13.1!3m3!1m2!1s0x85d1f8007789c37b%3A0x651d9f58ada759d!2sFacultad%20de%20Estudios%20Superiores%20Iztacala%20UNAM!5e0!3m2!1ses-419!2smx!4v1569430082045!5m2!1ses-419!2smx\" width=\"1200\" height=\"600\" frameborder=\"0\" style=\"border:0;\" allowfullscreen=\"\"><\/iframe>\n\n\n<form role=\"search\" method=\"get\" action=\"https:\/\/contacto.iztacala.unam.mx\/\" class=\"wp-block-search__button-outside wp-block-search__text-button wp-block-search\"><label for=\"wp-block-search__input-2\" class=\"wp-block-search__label\" >Buscar<\/label><div class=\"wp-block-search__inside-wrapper \" ><input type=\"search\" id=\"wp-block-search__input-2\" class=\"wp-block-search__input wp-block-search__input\" name=\"s\" value=\"\" placeholder=\"\"  required \/><button type=\"submit\" class=\"wp-block-search__button wp-element-button\"  >Buscar<\/button><\/div><\/form>","protected":false},"excerpt":{"rendered":"<p>Este es el primer sitio en la UNAM, dise\u00f1ado para medios de comunicaci\u00f3n en el que podr\u00e1s encontrar especialistas avalados por la m\u00e1xima casa de estudios, para reforzar tu trabajo informativo. La Facultad de Estudios Superiores Iztacala cuenta con m\u00e1s de 40 a\u00f1os de experiencia en docencia e investigaci\u00f3n en \u00e1reas biol\u00f3gicas y de ciencias [&hellip;]<\/p>\n","protected":false},"author":1,"featured_media":0,"parent":0,"menu_order":0,"comment_status":"closed","ping_status":"closed","template":"","meta":[],"_links":{"self":[{"href":"https:\/\/contacto.iztacala.unam.mx\/index.php\/wp-json\/wp\/v2\/pages\/264"}],"collection":[{"href":"https:\/\/contacto.iztacala.unam.mx\/index.php\/wp-json\/wp\/v2\/pages"}],"about":[{"href":"https:\/\/contacto.iztacala.unam.mx\/index.php\/wp-json\/wp\/v2\/types\/page"}],"author":[{"embeddable":true,"href":"https:\/\/contacto.iztacala.unam.mx\/index.php\/wp-json\/wp\/v2\/users\/1"}],"replies":[{"embeddable":true,"href":"https:\/\/contacto.iztacala.unam.mx\/index.php\/wp-json\/wp\/v2\/comments?post=264"}],"version-history":[{"count":9,"href":"https:\/\/contacto.iztacala.unam.mx\/index.php\/wp-json\/wp\/v2\/pages\/264\/revisions"}],"predecessor-version":[{"id":1307,"href":"https:\/\/contacto.iztacala.unam.mx\/index.php\/wp-json\/wp\/v2\/pages\/264\/revisions\/1307"}],"wp:attachment":[{"href":"https:\/\/contacto.iztacala.unam.mx\/index.php\/wp-json\/wp\/v2\/media?parent=264"}],"curies":[{"name":"wp","href":"https:\/\/api.w.org\/{rel}","templated":true}]}}